{"id":94,"date":"2019-04-25T05:32:17","date_gmt":"2019-04-25T05:32:17","guid":{"rendered":"https:\/\/ducks-superior.com\/polish\/?page_id=94"},"modified":"2020-02-27T15:10:20","modified_gmt":"2020-02-27T15:10:20","slug":"popular-trips","status":"publish","type":"page","link":"https:\/\/ducks-superior.com\/polish\/popular-trips\/","title":{"rendered":"Wycieczki"},"content":{"rendered":"<p>Marsa Alam s\u0142ynie z tego, \u017ce posiada jedno z najlepszych miejsc do nurkowania w Morzu Czerwonym i na \u015bwiecie.<\/p>\n","protected":false},"excerpt":{"rendered":"<p>Marsa Alam s\u0142ynie z tego, \u017ce posiada jedno z najlepszych miejsc do nurkowania w Morzu Czerwonym i na \u015bwiecie.<\/p>\n","protected":false},"author":2,"featured_media":0,"parent":0,"menu_order":0,"comment_status":"closed","ping_status":"closed","template":"","meta":[],"acf":[],"yoast_head":"<!-- This site is optimized with the Yoast SEO plugin v20.4 - https:\/\/yoast.com\/wordpress\/plugins\/seo\/ -->\n<title>Ducks Diving Superior Trips<\/title>\n<meta name=\"robots\" content=\"index, follow, max-snippet:-1, max-image-preview:large, max-video-preview:-1\" \/>\n<link rel=\"canonical\" href=\"https:\/\/ducks-superior.com\/polish\/popular-trips\/\" \/>\n<meta property=\"og:locale\" content=\"en_US\" \/>\n<meta property=\"og:type\" content=\"article\" \/>\n<meta property=\"og:title\" content=\"Ducks Diving Superior Trips\" \/>\n<meta property=\"og:description\" content=\"Marsa Alam s\u0142ynie z tego, \u017ce posiada jedno z najlepszych miejsc do nurkowania w Morzu Czerwonym i na \u015bwiecie.\" \/>\n<meta property=\"og:url\" content=\"https:\/\/ducks-superior.com\/polish\/popular-trips\/\" \/>\n<meta property=\"og:site_name\" content=\"Ducks Superior\" \/>\n<meta property=\"article:modified_time\" content=\"2020-02-27T15:10:20+00:00\" \/>\n<meta name=\"twitter:card\" content=\"summary_large_image\" \/>\n<meta name=\"twitter:label1\" content=\"Est. reading time\" \/>\n\t<meta name=\"twitter:data1\" content=\"2 minutes\" \/>\n<script type=\"application\/ld+json\" class=\"yoast-schema-graph\">{\"@context\":\"https:\/\/schema.org\",\"@graph\":[{\"@type\":\"WebPage\",\"@id\":\"https:\/\/ducks-superior.com\/polish\/popular-trips\/\",\"url\":\"https:\/\/ducks-superior.com\/polish\/popular-trips\/\",\"name\":\"Ducks Diving Superior Trips\",\"isPartOf\":{\"@id\":\"https:\/\/ducks-superior.com\/polish\/#website\"},\"datePublished\":\"2019-04-25T05:32:17+00:00\",\"dateModified\":\"2020-02-27T15:10:20+00:00\",\"breadcrumb\":{\"@id\":\"https:\/\/ducks-superior.com\/polish\/popular-trips\/#breadcrumb\"},\"inLanguage\":\"en-US\",\"potentialAction\":[{\"@type\":\"ReadAction\",\"target\":[\"https:\/\/ducks-superior.com\/polish\/popular-trips\/\"]}]},{\"@type\":\"BreadcrumbList\",\"@id\":\"https:\/\/ducks-superior.com\/polish\/popular-trips\/#breadcrumb\",\"itemListElement\":[{\"@type\":\"ListItem\",\"position\":1,\"name\":\"Home\",\"item\":\"https:\/\/ducks-superior.com\/polish\/\"},{\"@type\":\"ListItem\",\"position\":2,\"name\":\"Wycieczki\"}]},{\"@type\":\"WebSite\",\"@id\":\"https:\/\/ducks-superior.com\/polish\/#website\",\"url\":\"https:\/\/ducks-superior.com\/polish\/\",\"name\":\"Ducks Superior\",\"description\":\"My WordPress Blog\",\"potentialAction\":[{\"@type\":\"SearchAction\",\"target\":{\"@type\":\"EntryPoint\",\"urlTemplate\":\"https:\/\/ducks-superior.com\/polish\/?s={search_term_string}\"},\"query-input\":\"required name=search_term_string\"}],\"inLanguage\":\"en-US\"}]}<\/script>\n<!-- \/ Yoast SEO plugin. -->","yoast_head_json":{"title":"Ducks Diving Superior Trips","robots":{"index":"index","follow":"follow","max-snippet":"max-snippet:-1","max-image-preview":"max-image-preview:large","max-video-preview":"max-video-preview:-1"},"canonical":"https:\/\/ducks-superior.com\/polish\/popular-trips\/","og_locale":"en_US","og_type":"article","og_title":"Ducks Diving Superior Trips","og_description":"Marsa Alam s\u0142ynie z tego, \u017ce posiada jedno z najlepszych miejsc do nurkowania w Morzu Czerwonym i na \u015bwiecie.","og_url":"https:\/\/ducks-superior.com\/polish\/popular-trips\/","og_site_name":"Ducks Superior","article_modified_time":"2020-02-27T15:10:20+00:00","twitter_card":"summary_large_image","twitter_misc":{"Est. reading time":"2 minutes"},"schema":{"@context":"https:\/\/schema.org","@graph":[{"@type":"WebPage","@id":"https:\/\/ducks-superior.com\/polish\/popular-trips\/","url":"https:\/\/ducks-superior.com\/polish\/popular-trips\/","name":"Ducks Diving Superior Trips","isPartOf":{"@id":"https:\/\/ducks-superior.com\/polish\/#website"},"datePublished":"2019-04-25T05:32:17+00:00","dateModified":"2020-02-27T15:10:20+00:00","breadcrumb":{"@id":"https:\/\/ducks-superior.com\/polish\/popular-trips\/#breadcrumb"},"inLanguage":"en-US","potentialAction":[{"@type":"ReadAction","target":["https:\/\/ducks-superior.com\/polish\/popular-trips\/"]}]},{"@type":"BreadcrumbList","@id":"https:\/\/ducks-superior.com\/polish\/popular-trips\/#breadcrumb","itemListElement":[{"@type":"ListItem","position":1,"name":"Home","item":"https:\/\/ducks-superior.com\/polish\/"},{"@type":"ListItem","position":2,"name":"Wycieczki"}]},{"@type":"WebSite","@id":"https:\/\/ducks-superior.com\/polish\/#website","url":"https:\/\/ducks-superior.com\/polish\/","name":"Ducks Superior","description":"My WordPress Blog","potentialAction":[{"@type":"SearchAction","target":{"@type":"EntryPoint","urlTemplate":"https:\/\/ducks-superior.com\/polish\/?s={search_term_string}"},"query-input":"required name=search_term_string"}],"inLanguage":"en-US"}]}},"_links":{"self":[{"href":"https:\/\/ducks-superior.com\/polish\/wp-json\/wp\/v2\/pages\/94"}],"collection":[{"href":"https:\/\/ducks-superior.com\/polish\/wp-json\/wp\/v2\/pages"}],"about":[{"href":"https:\/\/ducks-superior.com\/polish\/wp-json\/wp\/v2\/types\/page"}],"author":[{"embeddable":true,"href":"https:\/\/ducks-superior.com\/polish\/wp-json\/wp\/v2\/users\/2"}],"replies":[{"embeddable":true,"href":"https:\/\/ducks-superior.com\/polish\/wp-json\/wp\/v2\/comments?post=94"}],"version-history":[{"count":18,"href":"https:\/\/ducks-superior.com\/polish\/wp-json\/wp\/v2\/pages\/94\/revisions"}],"predecessor-version":[{"id":1055,"href":"https:\/\/ducks-superior.com\/polish\/wp-json\/wp\/v2\/pages\/94\/revisions\/1055"}],"wp:attachment":[{"href":"https:\/\/ducks-superior.com\/polish\/wp-json\/wp\/v2\/media?parent=94"}],"curies":[{"name":"wp","href":"https:\/\/api.w.org\/{rel}","templated":true}]}}