{"id":446,"date":"2019-05-13T04:41:09","date_gmt":"2019-05-13T04:41:09","guid":{"rendered":"https:\/\/ducks-superior.com\/polish\/?page_id=446"},"modified":"2020-02-27T15:02:37","modified_gmt":"2020-02-27T15:02:37","slug":"packages","status":"publish","type":"page","link":"https:\/\/ducks-superior.com\/polish\/packages\/","title":{"rendered":"Pakiety"},"content":{"rendered":"<p>Oferujemy elastyczne kombinacje pakiet\u00f3w nurkowych od pojedynczych nurkowa\u0144, do wielu pakiet\u00f3w dziennych, jak r\u00f3wnie\u017c atrakcyjne i niestandardowe pakiety specjalne.<\/p>\n","protected":false},"excerpt":{"rendered":"<p>Oferujemy elastyczne kombinacje pakiet\u00f3w nurkowych od pojedynczych nurkowa\u0144, do wielu pakiet\u00f3w dziennych, jak r\u00f3wnie\u017c atrakcyjne i niestandardowe pakiety specjalne.<\/p>\n","protected":false},"author":2,"featured_media":0,"parent":0,"menu_order":0,"comment_status":"closed","ping_status":"closed","template":"","meta":[],"acf":[],"yoast_head":"<!-- This site is optimized with the Yoast SEO plugin v20.4 - https:\/\/yoast.com\/wordpress\/plugins\/seo\/ -->\n<title>Pakiety - Ducks Superior<\/title>\n<meta name=\"robots\" content=\"index, follow, max-snippet:-1, max-image-preview:large, max-video-preview:-1\" \/>\n<link rel=\"canonical\" href=\"https:\/\/ducks-superior.com\/polish\/packages\/\" \/>\n<meta property=\"og:locale\" content=\"en_US\" \/>\n<meta property=\"og:type\" content=\"article\" \/>\n<meta property=\"og:title\" content=\"Pakiety - Ducks Superior\" \/>\n<meta property=\"og:description\" content=\"Oferujemy elastyczne kombinacje pakiet\u00f3w nurkowych od pojedynczych nurkowa\u0144, do wielu pakiet\u00f3w dziennych, jak r\u00f3wnie\u017c atrakcyjne i niestandardowe pakiety specjalne.\" \/>\n<meta property=\"og:url\" content=\"https:\/\/ducks-superior.com\/polish\/packages\/\" \/>\n<meta property=\"og:site_name\" content=\"Ducks Superior\" \/>\n<meta property=\"article:modified_time\" content=\"2020-02-27T15:02:37+00:00\" \/>\n<meta name=\"twitter:card\" content=\"summary_large_image\" \/>\n<script type=\"application\/ld+json\" class=\"yoast-schema-graph\">{\"@context\":\"https:\/\/schema.org\",\"@graph\":[{\"@type\":\"WebPage\",\"@id\":\"https:\/\/ducks-superior.com\/polish\/packages\/\",\"url\":\"https:\/\/ducks-superior.com\/polish\/packages\/\",\"name\":\"Pakiety - Ducks Superior\",\"isPartOf\":{\"@id\":\"https:\/\/ducks-superior.com\/polish\/#website\"},\"datePublished\":\"2019-05-13T04:41:09+00:00\",\"dateModified\":\"2020-02-27T15:02:37+00:00\",\"breadcrumb\":{\"@id\":\"https:\/\/ducks-superior.com\/polish\/packages\/#breadcrumb\"},\"inLanguage\":\"en-US\",\"potentialAction\":[{\"@type\":\"ReadAction\",\"target\":[\"https:\/\/ducks-superior.com\/polish\/packages\/\"]}]},{\"@type\":\"BreadcrumbList\",\"@id\":\"https:\/\/ducks-superior.com\/polish\/packages\/#breadcrumb\",\"itemListElement\":[{\"@type\":\"ListItem\",\"position\":1,\"name\":\"Home\",\"item\":\"https:\/\/ducks-superior.com\/polish\/\"},{\"@type\":\"ListItem\",\"position\":2,\"name\":\"Pakiety\"}]},{\"@type\":\"WebSite\",\"@id\":\"https:\/\/ducks-superior.com\/polish\/#website\",\"url\":\"https:\/\/ducks-superior.com\/polish\/\",\"name\":\"Ducks Superior\",\"description\":\"My WordPress Blog\",\"potentialAction\":[{\"@type\":\"SearchAction\",\"target\":{\"@type\":\"EntryPoint\",\"urlTemplate\":\"https:\/\/ducks-superior.com\/polish\/?s={search_term_string}\"},\"query-input\":\"required name=search_term_string\"}],\"inLanguage\":\"en-US\"}]}<\/script>\n<!-- \/ Yoast SEO plugin. -->","yoast_head_json":{"title":"Pakiety - Ducks Superior","robots":{"index":"index","follow":"follow","max-snippet":"max-snippet:-1","max-image-preview":"max-image-preview:large","max-video-preview":"max-video-preview:-1"},"canonical":"https:\/\/ducks-superior.com\/polish\/packages\/","og_locale":"en_US","og_type":"article","og_title":"Pakiety - Ducks Superior","og_description":"Oferujemy elastyczne kombinacje pakiet\u00f3w nurkowych od pojedynczych nurkowa\u0144, do wielu pakiet\u00f3w dziennych, jak r\u00f3wnie\u017c atrakcyjne i niestandardowe pakiety specjalne.","og_url":"https:\/\/ducks-superior.com\/polish\/packages\/","og_site_name":"Ducks Superior","article_modified_time":"2020-02-27T15:02:37+00:00","twitter_card":"summary_large_image","schema":{"@context":"https:\/\/schema.org","@graph":[{"@type":"WebPage","@id":"https:\/\/ducks-superior.com\/polish\/packages\/","url":"https:\/\/ducks-superior.com\/polish\/packages\/","name":"Pakiety - Ducks Superior","isPartOf":{"@id":"https:\/\/ducks-superior.com\/polish\/#website"},"datePublished":"2019-05-13T04:41:09+00:00","dateModified":"2020-02-27T15:02:37+00:00","breadcrumb":{"@id":"https:\/\/ducks-superior.com\/polish\/packages\/#breadcrumb"},"inLanguage":"en-US","potentialAction":[{"@type":"ReadAction","target":["https:\/\/ducks-superior.com\/polish\/packages\/"]}]},{"@type":"BreadcrumbList","@id":"https:\/\/ducks-superior.com\/polish\/packages\/#breadcrumb","itemListElement":[{"@type":"ListItem","position":1,"name":"Home","item":"https:\/\/ducks-superior.com\/polish\/"},{"@type":"ListItem","position":2,"name":"Pakiety"}]},{"@type":"WebSite","@id":"https:\/\/ducks-superior.com\/polish\/#website","url":"https:\/\/ducks-superior.com\/polish\/","name":"Ducks Superior","description":"My WordPress Blog","potentialAction":[{"@type":"SearchAction","target":{"@type":"EntryPoint","urlTemplate":"https:\/\/ducks-superior.com\/polish\/?s={search_term_string}"},"query-input":"required name=search_term_string"}],"inLanguage":"en-US"}]}},"_links":{"self":[{"href":"https:\/\/ducks-superior.com\/polish\/wp-json\/wp\/v2\/pages\/446"}],"collection":[{"href":"https:\/\/ducks-superior.com\/polish\/wp-json\/wp\/v2\/pages"}],"about":[{"href":"https:\/\/ducks-superior.com\/polish\/wp-json\/wp\/v2\/types\/page"}],"author":[{"embeddable":true,"href":"https:\/\/ducks-superior.com\/polish\/wp-json\/wp\/v2\/users\/2"}],"replies":[{"embeddable":true,"href":"https:\/\/ducks-superior.com\/polish\/wp-json\/wp\/v2\/comments?post=446"}],"version-history":[{"count":14,"href":"https:\/\/ducks-superior.com\/polish\/wp-json\/wp\/v2\/pages\/446\/revisions"}],"predecessor-version":[{"id":1050,"href":"https:\/\/ducks-superior.com\/polish\/wp-json\/wp\/v2\/pages\/446\/revisions\/1050"}],"wp:attachment":[{"href":"https:\/\/ducks-superior.com\/polish\/wp-json\/wp\/v2\/media?parent=446"}],"curies":[{"name":"wp","href":"https:\/\/api.w.org\/{rel}","templated":true}]}}