{"id":2,"date":"2019-04-11T12:14:34","date_gmt":"2019-04-11T12:14:34","guid":{"rendered":"https:\/\/ducks-superior.com\/polish\/?page_id=2"},"modified":"2024-02-07T14:48:01","modified_gmt":"2024-02-07T14:48:01","slug":"home","status":"publish","type":"page","link":"https:\/\/ducks-superior.com\/polish\/","title":{"rendered":"STRONA G\u0141\u00d3WNA"},"content":{"rendered":"<p>Nasze trzy o\u015brodki nurkowania wzd\u0142u\u017c wybrze\u017ca Marsa Alam czekaj\u0105, aby s\u0142u\u017cy\u0107 Pa\u0144stwu pomoc\u0105 Oferujemy zar\u00f3wno kursy PADI i SSI dla wszystkich poziom\u00f3w, jak r\u00f3wnie\u017c kilka pakiet\u00f3w, kt\u00f3re zaspokoj\u0105 r\u00f3\u017cne potrzeby i upodobania, w tym wycieczki przybrze\u017cne, \u0142odzi\u0105, motor\u00f3wk <a href=\"https:\/\/ducks-superior.com\/polish\/\" title=\"Read more on STRONA G\u0141\u00d3WNA\" class=\"more-link\">read more<\/a><\/p>\n","protected":false},"excerpt":{"rendered":"<p>Nasze trzy o\u015brodki nurkowania wzd\u0142u\u017c wybrze\u017ca Marsa Alam czekaj\u0105, aby s\u0142u\u017cy\u0107 Pa\u0144stwu pomoc\u0105 Oferujemy zar\u00f3wno kursy PADI i SSI dla wszystkich poziom\u00f3w, jak r\u00f3wnie\u017c kilka pakiet\u00f3w, kt\u00f3re zaspokoj\u0105 r\u00f3\u017cne potrzeby i upodobania, w tym wycieczki przybrze\u017cne, \u0142odzi\u0105, motor\u00f3wk read more<\/p>\n","protected":false},"author":1,"featured_media":0,"parent":0,"menu_order":0,"comment_status":"closed","ping_status":"open","template":"","meta":[],"acf":[],"yoast_head":"<!-- This site is optimized with the Yoast SEO plugin v20.4 - https:\/\/yoast.com\/wordpress\/plugins\/seo\/ -->\n<title>Welcome to Ducks Diving Superior | Marsa Alam<\/title>\n<meta name=\"description\" content=\"The biggest diving center in Marsa Alam\" \/>\n<meta name=\"robots\" content=\"index, follow, max-snippet:-1, max-image-preview:large, max-video-preview:-1\" \/>\n<link rel=\"canonical\" href=\"https:\/\/ducks-superior.com\/polish\/\" \/>\n<meta property=\"og:locale\" content=\"en_US\" \/>\n<meta property=\"og:type\" content=\"article\" \/>\n<meta property=\"og:title\" content=\"Welcome to Ducks Diving Superior | Marsa Alam\" \/>\n<meta property=\"og:description\" content=\"The biggest diving center in Marsa Alam\" \/>\n<meta property=\"og:url\" content=\"https:\/\/ducks-superior.com\/polish\/\" \/>\n<meta property=\"og:site_name\" content=\"Ducks Superior\" \/>\n<meta property=\"article:modified_time\" content=\"2024-02-07T14:48:01+00:00\" \/>\n<meta name=\"twitter:card\" content=\"summary_large_image\" \/>\n<meta name=\"twitter:label1\" content=\"Est. reading time\" \/>\n\t<meta name=\"twitter:data1\" content=\"2 minutes\" \/>\n<script type=\"application\/ld+json\" class=\"yoast-schema-graph\">{\"@context\":\"https:\/\/schema.org\",\"@graph\":[{\"@type\":\"WebPage\",\"@id\":\"https:\/\/ducks-superior.com\/polish\/\",\"url\":\"https:\/\/ducks-superior.com\/polish\/\",\"name\":\"Welcome to Ducks Diving Superior | Marsa Alam\",\"isPartOf\":{\"@id\":\"https:\/\/ducks-superior.com\/polish\/#website\"},\"datePublished\":\"2019-04-11T12:14:34+00:00\",\"dateModified\":\"2024-02-07T14:48:01+00:00\",\"description\":\"The biggest diving center in Marsa Alam\",\"breadcrumb\":{\"@id\":\"https:\/\/ducks-superior.com\/polish\/#breadcrumb\"},\"inLanguage\":\"en-US\",\"potentialAction\":[{\"@type\":\"ReadAction\",\"target\":[\"https:\/\/ducks-superior.com\/polish\/\"]}]},{\"@type\":\"BreadcrumbList\",\"@id\":\"https:\/\/ducks-superior.com\/polish\/#breadcrumb\",\"itemListElement\":[{\"@type\":\"ListItem\",\"position\":1,\"name\":\"Home\",\"item\":\"https:\/\/ducks-superior.com\/polish\/\"},{\"@type\":\"ListItem\",\"position\":2,\"name\":\"STRONA G\u0141\u00d3WNA\"}]},{\"@type\":\"WebSite\",\"@id\":\"https:\/\/ducks-superior.com\/polish\/#website\",\"url\":\"https:\/\/ducks-superior.com\/polish\/\",\"name\":\"Ducks Superior\",\"description\":\"My WordPress Blog\",\"potentialAction\":[{\"@type\":\"SearchAction\",\"target\":{\"@type\":\"EntryPoint\",\"urlTemplate\":\"https:\/\/ducks-superior.com\/polish\/?s={search_term_string}\"},\"query-input\":\"required name=search_term_string\"}],\"inLanguage\":\"en-US\"}]}<\/script>\n<!-- \/ Yoast SEO plugin. -->","yoast_head_json":{"title":"Welcome to Ducks Diving Superior | Marsa Alam","description":"The biggest diving center in Marsa Alam","robots":{"index":"index","follow":"follow","max-snippet":"max-snippet:-1","max-image-preview":"max-image-preview:large","max-video-preview":"max-video-preview:-1"},"canonical":"https:\/\/ducks-superior.com\/polish\/","og_locale":"en_US","og_type":"article","og_title":"Welcome to Ducks Diving Superior | Marsa Alam","og_description":"The biggest diving center in Marsa Alam","og_url":"https:\/\/ducks-superior.com\/polish\/","og_site_name":"Ducks Superior","article_modified_time":"2024-02-07T14:48:01+00:00","twitter_card":"summary_large_image","twitter_misc":{"Est. reading time":"2 minutes"},"schema":{"@context":"https:\/\/schema.org","@graph":[{"@type":"WebPage","@id":"https:\/\/ducks-superior.com\/polish\/","url":"https:\/\/ducks-superior.com\/polish\/","name":"Welcome to Ducks Diving Superior | Marsa Alam","isPartOf":{"@id":"https:\/\/ducks-superior.com\/polish\/#website"},"datePublished":"2019-04-11T12:14:34+00:00","dateModified":"2024-02-07T14:48:01+00:00","description":"The biggest diving center in Marsa Alam","breadcrumb":{"@id":"https:\/\/ducks-superior.com\/polish\/#breadcrumb"},"inLanguage":"en-US","potentialAction":[{"@type":"ReadAction","target":["https:\/\/ducks-superior.com\/polish\/"]}]},{"@type":"BreadcrumbList","@id":"https:\/\/ducks-superior.com\/polish\/#breadcrumb","itemListElement":[{"@type":"ListItem","position":1,"name":"Home","item":"https:\/\/ducks-superior.com\/polish\/"},{"@type":"ListItem","position":2,"name":"STRONA G\u0141\u00d3WNA"}]},{"@type":"WebSite","@id":"https:\/\/ducks-superior.com\/polish\/#website","url":"https:\/\/ducks-superior.com\/polish\/","name":"Ducks Superior","description":"My WordPress Blog","potentialAction":[{"@type":"SearchAction","target":{"@type":"EntryPoint","urlTemplate":"https:\/\/ducks-superior.com\/polish\/?s={search_term_string}"},"query-input":"required name=search_term_string"}],"inLanguage":"en-US"}]}},"_links":{"self":[{"href":"https:\/\/ducks-superior.com\/polish\/wp-json\/wp\/v2\/pages\/2"}],"collection":[{"href":"https:\/\/ducks-superior.com\/polish\/wp-json\/wp\/v2\/pages"}],"about":[{"href":"https:\/\/ducks-superior.com\/polish\/wp-json\/wp\/v2\/types\/page"}],"author":[{"embeddable":true,"href":"https:\/\/ducks-superior.com\/polish\/wp-json\/wp\/v2\/users\/1"}],"replies":[{"embeddable":true,"href":"https:\/\/ducks-superior.com\/polish\/wp-json\/wp\/v2\/comments?post=2"}],"version-history":[{"count":172,"href":"https:\/\/ducks-superior.com\/polish\/wp-json\/wp\/v2\/pages\/2\/revisions"}],"predecessor-version":[{"id":1070,"href":"https:\/\/ducks-superior.com\/polish\/wp-json\/wp\/v2\/pages\/2\/revisions\/1070"}],"wp:attachment":[{"href":"https:\/\/ducks-superior.com\/polish\/wp-json\/wp\/v2\/media?parent=2"}],"curies":[{"name":"wp","href":"https:\/\/api.w.org\/{rel}","templated":true}]}}