{"id":2,"date":"2019-04-11T12:14:34","date_gmt":"2019-04-11T12:14:34","guid":{"rendered":"https:\/\/ducks-superior.com\/german\/?page_id=2"},"modified":"2024-02-07T17:17:40","modified_gmt":"2024-02-07T17:17:40","slug":"home","status":"publish","type":"page","link":"https:\/\/ducks-superior.com\/german\/","title":{"rendered":"Home"},"content":{"rendered":"<p>Wir erwarten Sie gerne in unseren drei Tauchzentren entlang der K\u00fcste von Marsa Alam Wir bieten PADI und SSI Kurse f\u00fcr alle Stufen, ebenso verschiedene Pakete die Ihren Anspr\u00fcchen und Neigungen entsprechen, inkl. Touren zu Land und Wasser, mit Schnellbooten und Zodiacs. <a href=\"https:\/\/ducks-superior.com\/german\/\" title=\"Read more on Home\" class=\"more-link\">read more<\/a><\/p>\n","protected":false},"excerpt":{"rendered":"<p>Wir erwarten Sie gerne in unseren drei Tauchzentren entlang der K\u00fcste von Marsa Alam Wir bieten PADI und SSI Kurse f\u00fcr alle Stufen, ebenso verschiedene Pakete die Ihren Anspr\u00fcchen und Neigungen entsprechen, inkl. Touren zu Land und Wasser, mit Schnellbooten und Zodiacs. read more<\/p>\n","protected":false},"author":1,"featured_media":0,"parent":0,"menu_order":0,"comment_status":"closed","ping_status":"open","template":"","meta":[],"acf":[],"_links":{"self":[{"href":"https:\/\/ducks-superior.com\/german\/wp-json\/wp\/v2\/pages\/2"}],"collection":[{"href":"https:\/\/ducks-superior.com\/german\/wp-json\/wp\/v2\/pages"}],"about":[{"href":"https:\/\/ducks-superior.com\/german\/wp-json\/wp\/v2\/types\/page"}],"author":[{"embeddable":true,"href":"https:\/\/ducks-superior.com\/german\/wp-json\/wp\/v2\/users\/1"}],"replies":[{"embeddable":true,"href":"https:\/\/ducks-superior.com\/german\/wp-json\/wp\/v2\/comments?post=2"}],"version-history":[{"count":168,"href":"https:\/\/ducks-superior.com\/german\/wp-json\/wp\/v2\/pages\/2\/revisions"}],"predecessor-version":[{"id":1029,"href":"https:\/\/ducks-superior.com\/german\/wp-json\/wp\/v2\/pages\/2\/revisions\/1029"}],"wp:attachment":[{"href":"https:\/\/ducks-superior.com\/german\/wp-json\/wp\/v2\/media?parent=2"}],"curies":[{"name":"wp","href":"https:\/\/api.w.org\/{rel}","templated":true}]}}